{"id":192,"date":"2020-07-02T05:29:35","date_gmt":"2020-07-02T05:29:35","guid":{"rendered":"http:\/\/drobbe.seligedrobbe.de\/?page_id=192"},"modified":"2020-07-02T11:13:22","modified_gmt":"2020-07-02T11:13:22","slug":"impressum","status":"publish","type":"page","link":"https:\/\/seligedrobbe.de\/?page_id=192","title":{"rendered":"Impressum"},"content":{"rendered":"<p>[gzd_complaints]<\/p>\n\n\n<p><\/p>\n\n\n\n<p><strong><u>Organisationsinfos \/ Betreiber:<\/u><\/strong><\/p>\n\n\n\n<p>Freunde der Feuerwehr Lorchhausen<\/p>\n\n\n\n<p>Kauber Str. 12<\/p>\n\n\n\n<p>65391 Lorch<\/p>\n\n\n\n<p><\/p>\n\n\n\n<p><strong>Urheberrecht<\/strong><br>Falls nicht anders angegeben, unterliegen alle Seiten des Webangebots sowie deren Inhalte wie Texte, Bilder und Grafiken dem deutschen Urheberrecht (Copyright). Das Urheberrecht Dritter wird in jedem Falle versucht zu beachten. Jegliche Art von Vervielf\u00e4ltigung oder Verwendung von Inhalten deren Ursprung auf dieser Homepage sich befindet ist nur mit der ausdr\u00fccklichen Genehmigung des Webmasters gestattet, sie Bedarf ausnahmslos der Schriftform und gilt auch f\u00fcr Grafiken Dritter. Die Urheberrechte verbleiben beim Webmaster, dem jeweiligen Autor bzw. bei genannten Dritten.<\/p>\n\n\n\n<p><strong>Informationen Dritter<\/strong><br>Informationen und Berichte Dritter sind als solche durch Nennung des Autors oder der herausgebenden Organisation kenntlich gemacht.<\/p>\n\n\n\n<p><\/p>\n\n\n\n<p><strong>Haftungsausschluss<\/strong><br>Der Webmaster und die Autoren dieser Homepage hat alle hier dargestellten Informationen nach bestem Wissen und Gewissen erarbeitet und gepr\u00fcft. Es wird jedoch keine Gew\u00e4hr f\u00fcr die Aktualit\u00e4t, Korrektheit der Angaben, Vollst\u00e4ndigkeit oder Qualit\u00e4t und jederzeitige Verf\u00fcgbarkeit der bereitgestellten Informationen \u00fcbernommen. Unbeschadet der Regelungen des \u00a7 675 Absatz 2 BGB gilt f\u00fcr das bereitgestellte Informationsangebot folgende Haftungsbeschr\u00e4nkung: Der Webmaster haftet nicht f\u00fcr Sch\u00e4den, die durch die Nutzung oder Nichtnutzung angebotener Informationen entstehen. Der Haftungsausschluss gilt nicht, soweit eine Amtspflichtverletzung gem\u00e4\u00df \u00a7 839 BGB einschl\u00e4gig ist. F\u00fcr etwaige Sch\u00e4den, die beim Aufrufen oder Herunterladen von Daten durch Computerviren oder der Installation oder Nutzung von Software verursacht werden, wird nicht gehaftet.<br><br><strong>Disclaimer<\/strong><br>Der Webmaster ist nur f\u00fcr die &#8220;eigenen Inhalte&#8221; dieser Homepage gem\u00e4\u00df den Gesetzen der Bundesrepublik Deutschland verantwortlich. Durch Querverweise (Links, Hyperlinks) auf die Webseiten Dritter, wird lediglich auf fremde Inhalte und\/oder Webangebote hingewiesen. Der Webmaster \u00fcbernimmt keine Verantwortung f\u00fcr &#8220;fremde Inhalte und\/oder Webangebote&#8221;, da er keinen Einfluss auf die Gestaltung der gelinkten Seiten hat. Wird der Webmaster auf gelinkte Inhalte hingewiesen, die nicht jugendfrei, antidemokratisch, rassistisch, gewaltverherrlichend oder verfassungswidrig sind, werden die betreffenden Querverweise (Links) unverz\u00fcglich aufgehoben bzw. von der Homepage entfernt, soweit dies technisch m\u00f6glich ist. F\u00fcr Sch\u00e4den aus der Nutzung oder Nichtnutzung &#8220;fremder Inhalte und\/oder Webangebote&#8221; haftet ausschlie\u00dflich der jeweilige Anbieter der Seite, auf die verwiesen wurde.<br><br><strong>Hinweis<\/strong><br>Dieses Webangebot und die gelinkten Seiten werden in regelm\u00e4\u00dfigen Abst\u00e4nden \u00fcberarbeitet, gewartet und auf Verf\u00fcgbarkeit \u00fcberpr\u00fcft. Der Webmaster ist jederzeit f\u00fcr die Meldung von falschen oder nicht funktionierenden Links, Problemen, Tippfehlern und Falschinformationen etc. dankbar. Ebenfalls werden gerne Anregungen und Kritiken die zur Verbesserung dieses Webangebots f\u00fchren entgegen genommen.<br><br><strong>Salvatorische Klausel<\/strong><br>Sollten einzelne Bestandteile des Impressums oder der Datenschutzrichtlinie de facto oder de jure unwirksam sein, wird die Wirksamkeit der \u00fcbrigen Bestimmungen davon nicht ber\u00fchrt.<\/p>\n","protected":false},"excerpt":{"rendered":"<p>[gzd_complaints] Organisationsinfos \/ Betreiber: Freunde der Feuerwehr Lorchhausen Kauber Str. 12 65391 Lorch UrheberrechtFalls nicht anders angegeben, unterliegen alle Seiten des Webangebots sowie deren Inhalte wie Texte, Bilder und Grafiken dem deutschen Urheberrecht (Copyright). Das Urheberrecht Dritter wird in jedem Falle versucht zu beachten. Jegliche Art von Vervielf\u00e4ltigung oder Verwendung von Inhalten deren Ursprung auf&hellip;&nbsp;<a href=\"https:\/\/seligedrobbe.de\/?page_id=192\" class=\"\" rel=\"bookmark\">Weiterlesen &raquo;<span class=\"screen-reader-text\">Impressum<\/span><\/a><\/p>\n","protected":false},"author":1,"featured_media":0,"parent":0,"menu_order":0,"comment_status":"closed","ping_status":"closed","template":"","meta":{"neve_meta_sidebar":"full-width","neve_meta_container":"","neve_meta_enable_content_width":"off","neve_meta_content_width":0,"neve_meta_title_alignment":"","neve_meta_author_avatar":"","neve_post_elements_order":"","neve_meta_disable_header":"on","neve_meta_disable_footer":"","neve_meta_disable_title":"on","_themeisle_gutenberg_block_has_review":false},"_links":{"self":[{"href":"https:\/\/seligedrobbe.de\/index.php?rest_route=\/wp\/v2\/pages\/192"}],"collection":[{"href":"https:\/\/seligedrobbe.de\/index.php?rest_route=\/wp\/v2\/pages"}],"about":[{"href":"https:\/\/seligedrobbe.de\/index.php?rest_route=\/wp\/v2\/types\/page"}],"author":[{"embeddable":true,"href":"https:\/\/seligedrobbe.de\/index.php?rest_route=\/wp\/v2\/users\/1"}],"replies":[{"embeddable":true,"href":"https:\/\/seligedrobbe.de\/index.php?rest_route=%2Fwp%2Fv2%2Fcomments&post=192"}],"version-history":[{"count":2,"href":"https:\/\/seligedrobbe.de\/index.php?rest_route=\/wp\/v2\/pages\/192\/revisions"}],"predecessor-version":[{"id":313,"href":"https:\/\/seligedrobbe.de\/index.php?rest_route=\/wp\/v2\/pages\/192\/revisions\/313"}],"wp:attachment":[{"href":"https:\/\/seligedrobbe.de\/index.php?rest_route=%2Fwp%2Fv2%2Fmedia&parent=192"}],"curies":[{"name":"wp","href":"https:\/\/api.w.org\/{rel}","templated":true}]}}